{"id":10,"date":"2015-12-02T09:18:03","date_gmt":"2015-12-02T09:18:03","guid":{"rendered":"http:\/\/medical.omnicom-dev.com\/clinic\/?page_id=10"},"modified":"2015-12-02T09:18:03","modified_gmt":"2015-12-02T09:18:03","slug":"staff-2","status":"publish","type":"page","link":"https:\/\/zeng.com.uy\/new\/index.php\/staff-2\/","title":{"rendered":"Staff"},"content":{"rendered":"<p><section id=\"bt_section69fb1ea8285aa\"  class=\"boldSection btDivider topSemiSpaced bottomSemiSpaced btDarkSkin gutter inherit wBackground cover\" style=\"background-color:#0cb8b6;background-image:url('https:\/\/zeng.com.uy\/new\/wp-content\/uploads\/2015\/12\/bgn-grad-1.png');\"><div class=\"port\"><div class=\"boldCell\"><div class=\"boldCellInner\"><div class=\"boldRow  \" ><div class=\"boldRowInner\"><div class=\"rowItem col-md-4 col-ms-12 btTextRight inherit btNoPadding\"  ><div class=\"rowItemContent\" ><\/div><\/div><div class=\"rowItem col-md-8 col-ms-12 btTextLeft animate animate-fadein animate-moveleft inherit btDoublePadding\"  ><div class=\"rowItemContent\" ><div class=\"btClear btSeparator topExtraSmallSpaced noBorder\" ><hr><\/div><div class=\"btClear btSeparator topExtraSmallSpaced noBorder\" ><hr><\/div><header class=\"header btClear large  btNormalDash\" ><div class=\"btSuperTitle\">Direcci\u00f3n General<\/div><div class=\"dash\"><h2><span class=\"headline\">ANDREA REVELLO<\/span><\/h2><\/div><\/header><\/div><\/div><\/div><\/div><\/div><\/div><\/div><\/section><section id=\"bt_section69fb1ea828786\"  class=\"boldSection topSemiSpaced bottomSpaced gutter inherit\" style=\"background-color:#f1f1f1;\"><div class=\"port\"><div class=\"boldCell\"><div class=\"boldCellInner\"><div class=\"boldRow  \" ><div class=\"boldRowInner\"><div class=\"rowItem col-md-4 col-ms-12 btTextLeft animate animate-fadein animate-moveup btTextIndent inherit\" style=\"margin-top: -180px;\" ><div class=\"rowItemContent\" style = \"background-color:#ffffff;\"><div class=\"bpgPhoto btTextCenter\" ><div class=\"btImage\"><img decoding=\"async\" src=\"https:\/\/zeng.com.uy\/new\/wp-content\/uploads\/2017\/02\/zen_laboratorio_microbiologico-1.png\" alt=\"\" title=\"\"><\/div><\/div><div class=\"btIconImageRow btIconsHalfHoverPosition\" ><\/div><div class=\"btClear btSeparator topSmallSpaced noBorder\" ><hr><\/div><div class=\"btClear btSeparator topSmallSpaced noBorder\" ><hr><\/div><div class=\"btClear btSeparator topExtraSmallSpaced noBorder\" ><hr><\/div><header class=\"header btClear medium  btNormalDash\" ><div class=\"dash\"><h3><span class=\"headline\">CONTACTO<\/span><\/h3><\/div><\/header><div class=\"btClear btSeparator topExtraSmallSpaced noBorder\" ><hr><\/div><div class=\"btIconImageRow btIconsNormalPosition\" ><span class=\"btIco btIcoDefaultType btIcoSmallSize btIcoDefaultColor   \" ><a href=\"tel:+080023367820\"  target = \"no_target\" data-ico-fa=\"&#xf095;\" class=\"btIcoHolder\"><em><\/em><span class=\"btIcoText\">+(598) 2486 4663<\/span><\/a><\/span><\/div><div class=\"btClear btSeparator topExtraSmallSpaced noBorder\" ><hr><\/div><div class=\"btIconImageRow btIconsNormalPosition\" ><span class=\"btIco btIcoDefaultType btIcoSmallSize btIcoDefaultColor   \" ><a href=\"https:\/\/zeng.com.uy\/new\/index.php\/contacto\/\"  target = \"no_target\" data-ico-fa=\"&#xf003;\" class=\"btIcoHolder\"><em><\/em><span class=\"btIcoText\">zeng@zeng.bayco.com.uy<\/span><\/a><\/span><\/div><div class=\"btClear btSeparator topExtraSmallSpaced noBorder\" ><hr><\/div><div class=\"btClear btSeparator topSemiSpaced noBorder\" ><hr><\/div><\/div><\/div><div class=\"rowItem col-md-8 col-ms-12 btTextLeft animate animate-fadein inherit btDoublePadding\"  ><div class=\"rowItemContent\" ><div class=\"btClear btSeparator bottomSmallSpaced border\" ><hr><\/div><header class=\"header btClear large  btNormalDash\" ><div class=\"btSuperTitle\">La direcci\u00f3n general y t\u00e9cnica del laboratorio est\u00e1 a cargo de la Q.F. Andrea Revello, quien conduce un equipo multidisciplinario de profesionales.<\/div><\/header><div class=\"btClear btSeparator bottomSmallSpaced border\" ><hr><\/div><div class=\"boldRow boldInnerRow  \" ><div class=\"rowItem rowInnerItem col-md-12  btTextLeft\"  ><div class=\"rowItemContent\"><div class=\"btText\" ><\/p>\n<p><strong>CURRICULUM PROFESIONAL<\/strong><\/p>\n<p><strong>Actividad profesional<\/strong><\/p>\n<p>Actualmente se desempe\u00f1a como Directora General y T\u00e9cnica de Zeng Laboratorio Microbiol\u00f3gico.<\/p>\n<p>A su vez es asesora en implementaci\u00f3n de planes HACCP, GMP, y SSOP para la industria de alimentos.<\/p>\n<p><strong>Formaci\u00f3n profesional<\/strong><\/p>\n<p>Es Qu\u00edmica Farmac\u00e9utica, egresada de la Universidad de la Rep\u00fablica, Facultad de Qu\u00edmica.<\/p>\n<p>Ha realizado tambi\u00e9n diversos cursos y seminarios de especializaci\u00f3n entre los que se cuentan los siguientes:<\/p>\n<ul>\n<li><strong>Curso Reolog\u00eda y Caracterizaci\u00f3n Fisico- mec\u00e1nica de los Alimentos.\u00a0\u00a0\u00a0\u00a0 <\/strong><em>Dr. Gustavo Barbosa C\u00e1novas<\/em><\/li>\n<li><strong>Curso OUA: Norma ISO \/IEC 17025:2017. Acreditaci\u00f3n de laboratorios de an\u00e1lisis y de ensayos.<\/strong><\/li>\n<li><strong>Cursos UNIT para el t\u00edtulo de Especialista en Calidad ISO 9001-2000:2015.<\/strong><\/li>\n<li><strong>Curso Implementaci\u00f3n y desarrollo de planes HACCP para la industria c\u00e1rnica.<\/strong><\/li>\n<li><strong>Consultinggroup LLC<\/strong><\/li>\n<li><strong>Curso Microbiolog\u00eda de la carne y productos c\u00e1rnicos. AVEPA<\/strong><\/li>\n<li><strong>Curso FSPCA (Food Safety PreventiveControls Alliance): PreventiveControlsfor Human Food<\/strong><\/li>\n<li><strong>Asistencia a las Conferencias sobre el tema \u00abDesaf\u00edos en la inocuidad de los alimentos\u00bb.<\/strong><em>\u00a0 Prof. Dr. Mike van Schonthorst. ICMSF<\/em><\/li>\n<li><strong>Miembro del AQF, y de la AIQU\u00a0\u00a0<\/strong><\/li>\n<li><strong>Particip\u00f3 en calidad de disertante en el Seminario \u00abAcondicionamiento de agua para la industria.\u00bb<\/strong> Brindando una conferencia titulada \u00abCalidad microbiol\u00f3gica de agus. Estudio para laindustria de alimentos\u00bb<\/li>\n<\/ul>\n<p><strong>Experiencia profesional<\/strong><\/p>\n<p>Desde el a\u00f1o 1997\u00a0 asesora\u00a0 empresas del rubro alimenticio en nuestro Pa\u00eds, tanto en el \u00e1mbito de buenas pr\u00e1cticas de manufactura , control y manipulaci\u00f3n de alimentos, como en sistemas de calidad.<\/p>\n<p>A su vez ha asesorado en el dise\u00f1o e implementaci\u00f3n de laboratorios en industrias frigor\u00edficas.<\/p>\n<p>Por otro lado, ha dictado y dicta cursos de capacitaci\u00f3n para personal de la industria alimenticia en tem\u00e1ticas referentes a pr\u00e1cticas de manufactura, calidad y manipulaci\u00f3n de alimentos.<\/p>\n<p>\n<\/div><\/div><\/div><\/div><\/div><\/div><\/div><\/div><\/div><\/div><\/div><\/section><section id=\"bt_section69fb1ea829921\"  class=\"boldSection btDivider topSemiSpaced bottomSemiSpaced btDarkSkin gutter inherit\" style=\"background-color:#43abf7;\"><div class=\"port\"><div class=\"boldCell\"><div class=\"boldCellInner\"><div class=\"boldRow  \" ><div class=\"boldRowInner\"><div class=\"rowItem col-md-12 col-ms-12  btTextCenter animate animate-fadein animate-moveup inherit\"  ><div class=\"rowItemContent\" ><header class=\"header btClear medium btDash topDash  btNormalDash\" ><div class=\"btSuperTitle\">ZENG<\/div><div class=\"dash\"><h3><span class=\"headline\">LABORATORIO MICROBIOL\u00d3GICO<\/span><\/h3><\/div><\/header><\/div><\/div><\/div><\/div><div class=\"boldRow  \" ><div class=\"boldRowInner\"><\/div><\/div><\/div><\/div><\/div><\/section><section id=\"bt_section69fb1ea829a59\"  class=\"boldSection btDarkSkin inherit\" ><div class=\"port\"><div class=\"boldCell\"><div class=\"boldCellInner\"><div class=\"boldRow  \" ><div class=\"boldRowInner\"><div class=\"rowItem col-md-12 col-ms-12  btTextLeft\"  ><div class=\"rowItemContent\" >\r\n\t\t\t<div class=\"btGoogleMapsWrapper \" \"><div id=\"map_canvas69fb1ea829cc4\" style=\"height:500px;;\" class=\"btGmap\"><\/div><div class=\"btGoogleMapsContent\"><div class=\"btGoogleMapsWrap\"><span class=\"btInfoPaneToggler\"><\/span><div class=\"btClear btSeparator bottomSmallSpaced noBorder\" ><hr><\/div><div class=\"servicesItem  btIcoDefaultColorIcon btIcoMediumSizeIcon  \"><div class=\"sIcon\"><span class=\"btIco btIcoMediumSize btIcoDefaultType btIcoDefaultColor\" ><span  data-ico-s7=\"&#xe638;\" class=\"btIcoHolder\"><em><\/em><\/span><\/span><\/div><div class=\"sTxt\"><header class=\"header btClear small\" ><div class=\"dash\"><h4><span class=\"headline\">Direcci\u00f3n<\/span><\/h4><\/div><\/header><p>Mariano Moreno 2746<br \/><br\/>Montevideo, Uruguay <\/p><\/div><\/div><div class=\"btClear btSeparator bottomSmallSpaced noBorder\" ><hr><\/div><div class=\"servicesItem  btIcoDefaultColorIcon btIcoMediumSizeIcon  \"><div class=\"sIcon\"><span class=\"btIco btIcoMediumSize btIcoDefaultType btIcoDefaultColor\" ><a href=\"https:\/\/zeng.com.uy\/new\/index.php\/contacto\/\"  data-ico-s7=\"&#xe63a;\" class=\"btIcoHolder\"><em><\/em><\/a><\/span><\/div><div class=\"sTxt\"><header class=\"header btClear small\" ><div class=\"dash\"><h4><span class=\"headline\">Email<\/span><\/h4><\/div><\/header><p>zeng@zeng.bayco.com.uy<\/p><\/div><\/div><div class=\"btClear btSeparator bottomSmallSpaced noBorder\" ><hr><\/div><div class=\"servicesItem  btIcoDefaultColorIcon btIcoMediumSizeIcon  \"><div class=\"sIcon\"><span class=\"btIco btIcoMediumSize btIcoDefaultType btIcoDefaultColor\" ><span  data-ico-s7=\"&#xe670;\" class=\"btIcoHolder\"><em><\/em><\/span><\/span><\/div><div class=\"sTxt\"><header class=\"header btClear small\" ><div class=\"dash\"><h4><span class=\"headline\">Tel\u00e9fono<\/span><\/h4><\/div><\/header><p>+(598) 2486 4663<\/p><\/div><\/div><div class=\"btClear btSeparator bottomSmallSpaced noBorder\" ><hr><\/div><div class=\"servicesItem  btIcoDefaultColorIcon btIcoMediumSizeIcon  \"><div class=\"sIcon\"><span class=\"btIco btIcoMediumSize btIcoDefaultType btIcoDefaultColor\" ><span  data-ico-s7=\"&#xe66b;\" class=\"btIcoHolder\"><em><\/em><\/span><\/span><\/div><div class=\"sTxt\"><header class=\"header btClear small\" ><div class=\"dash\"><h4><span class=\"headline\">Horario de Atenci\u00f3n<\/span><\/h4><\/div><\/header><p>Lunes a Viernes 09:00-17:00<br \/><br\/>S\u00e1bados y Domingos &#8211; CERRADO<\/p><\/div><\/div><div class=\"btClear btSeparator bottomSmallSpaced noBorder\" ><hr><\/div><\/div><\/div><\/div>\r\n\t\t\t<script type=\"text\/javascript\">\r\n\t\t\t\tjQuery( document ).ready(function() {\r\n\t\t\t\t\tbt_gmap_init( map_canvas69fb1ea829cc4, -34.8828339, -56.1566837, 14, \"https:\/\/zeng.com.uy\/new\/wp-content\/uploads\/2015\/11\/icon-green-1.png\", \"\", \"\", \"\", \"W3siZmVhdHVyZVR5cGUiOiJsYW5kc2NhcGUiLCJzdHlsZXJzIjpbeyJodWUiOiIjRkZCQjAwIn0seyJzYXR1cmF0aW9uIjo0My40MDAwMDAwMDAwMDAwMDZ9LHsibGlnaHRuZXNzIjozNy41OTk5OTk5OTk5OTk5OTR9LHsiZ2FtbWEiOjF9XX0seyJmZWF0dXJlVHlwZSI6InJvYWQuaGlnaHdheSIsInN0eWxlcnMiOlt7Imh1ZSI6IiNGRkMyMDAifSx7InNhdHVyYXRpb24iOi02MS44fSx7ImxpZ2h0bmVzcyI6NDUuNTk5OTk5OTk5OTk5OTk0fSx7ImdhbW1hIjoxfV19LHsiZmVhdHVyZVR5cGUiOiJyb2FkLmFydGVyaWFsIiwic3R5bGVycyI6W3siaHVlIjoiI0ZGMDMwMCJ9LHsic2F0dXJhdGlvbiI6LTEwMH0seyJsaWdodG5lc3MiOjUxLjE5OTk5OTk5OTk5OTk5fSx7ImdhbW1hIjoxfV19LHsiZmVhdHVyZVR5cGUiOiJyb2FkLmxvY2FsIiwic3R5bGVycyI6W3siaHVlIjoiI0ZGMDMwMCJ9LHsic2F0dXJhdGlvbiI6LTEwMH0seyJsaWdodG5lc3MiOjUyfSx7ImdhbW1hIjoxfV19LHsiZmVhdHVyZVR5cGUiOiJ3YXRlciIsInN0eWxlcnMiOlt7Imh1ZSI6IiMwMDc4RkYifSx7InNhdHVyYXRpb24iOi0xMy4yMDAwMDAwMDAwMDAwMDN9LHsibGlnaHRuZXNzIjoyLjQwMDAwMDAwMDAwMDAwNTd9LHsiZ2FtbWEiOjF9XX0seyJmZWF0dXJlVHlwZSI6InBvaSIsInN0eWxlcnMiOlt7Imh1ZSI6IiMwMEZGNkEifSx7InNhdHVyYXRpb24iOi0xLjA5ODkwMTA5ODkwMTEyMzR9LHsibGlnaHRuZXNzIjoxMS4yMDAwMDAwMDAwMDAwMTd9LHsiZ2FtbWEiOjF9XX1d\" );\r\n\t\t\t\t\t});\t\r\n\t\t\t<\/script>\r\n\t\t\t<\/div><\/div><\/div><\/div><\/div><\/div><\/div><\/section><\/p>\n","protected":false},"excerpt":{"rendered":"","protected":false},"author":1,"featured_media":0,"parent":0,"menu_order":0,"comment_status":"closed","ping_status":"closed","template":"","meta":{"footnotes":""},"class_list":["post-10","page","type-page","status-publish","hentry"],"_links":{"self":[{"href":"https:\/\/zeng.com.uy\/new\/index.php\/wp-json\/wp\/v2\/pages\/10","targetHints":{"allow":["GET"]}}],"collection":[{"href":"https:\/\/zeng.com.uy\/new\/index.php\/wp-json\/wp\/v2\/pages"}],"about":[{"href":"https:\/\/zeng.com.uy\/new\/index.php\/wp-json\/wp\/v2\/types\/page"}],"author":[{"embeddable":true,"href":"https:\/\/zeng.com.uy\/new\/index.php\/wp-json\/wp\/v2\/users\/1"}],"replies":[{"embeddable":true,"href":"https:\/\/zeng.com.uy\/new\/index.php\/wp-json\/wp\/v2\/comments?post=10"}],"version-history":[{"count":0,"href":"https:\/\/zeng.com.uy\/new\/index.php\/wp-json\/wp\/v2\/pages\/10\/revisions"}],"wp:attachment":[{"href":"https:\/\/zeng.com.uy\/new\/index.php\/wp-json\/wp\/v2\/media?parent=10"}],"curies":[{"name":"wp","href":"https:\/\/api.w.org\/{rel}","templated":true}]}}