{"id":1340,"date":"2017-02-08T14:46:25","date_gmt":"2017-02-08T14:46:25","guid":{"rendered":"http:\/\/nuevo.zeng.bayco.com.uy\/?page_id=1340"},"modified":"2026-01-16T19:42:44","modified_gmt":"2026-01-16T19:42:44","slug":"documentos","status":"publish","type":"page","link":"https:\/\/zeng.com.uy\/new\/index.php\/documentos\/","title":{"rendered":"Documentos"},"content":{"rendered":"<p><section id=\"bt_section69e2066aa77b5\"  class=\"boldSection btDivider topSemiSpaced bottomSemiSpaced btDarkSkin gutter inherit wBackground cover\" style=\"background-color:#0cb8b6;background-image:url('https:\/\/zeng.com.uy\/new\/wp-content\/uploads\/2015\/12\/bgn-grad-1.png');\"><div class=\"port\"><div class=\"boldCell\"><div class=\"boldCellInner\"><div class=\"boldRow  \" ><div class=\"boldRowInner\"><div class=\"rowItem col-md-4 col-ms-12 btTextRight inherit btNoPadding\"  ><div class=\"rowItemContent\" ><\/div><\/div><div class=\"rowItem col-md-8 col-ms-12 btTextLeft animate animate-fadein animate-moveleft inherit btDoublePadding\"  ><div class=\"rowItemContent\" ><div class=\"btClear btSeparator topExtraSmallSpaced noBorder\" ><hr><\/div><div class=\"btClear btSeparator topExtraSmallSpaced noBorder\" ><hr><\/div><header class=\"header btClear large  btNormalDash\" ><div class=\"btSuperTitle\">Habilitaciones y certificados<\/div><div class=\"dash\"><h2><span class=\"headline\">DOCUMENTOS<\/span><\/h2><\/div><\/header><\/div><\/div><\/div><\/div><\/div><\/div><\/div><\/section><section id=\"bt_section69e2066aa79bc\"  class=\"boldSection topSemiSpaced bottomSpaced gutter inherit\" style=\"background-color:#f1f1f1;\"><div class=\"port\"><div class=\"boldCell\"><div class=\"boldCellInner\"><div class=\"boldRow  \" ><div class=\"boldRowInner\"><div class=\"rowItem col-md-4 col-ms-12 btTextLeft animate animate-fadein animate-moveup btTextIndent inherit\" style=\"margin-top: -180px;\" ><div class=\"rowItemContent\" style = \"background-color:#ffffff;\"><div class=\"bpgPhoto btTextCenter\" ><div class=\"btImage\"><img decoding=\"async\" src=\"https:\/\/zeng.com.uy\/new\/wp-content\/uploads\/2017\/02\/manuales-1.jpg\" alt=\"\" title=\"\"><\/div><\/div><div class=\"bpgPhoto btTextCenter\" ><div class=\"btImage\"><img decoding=\"async\" src=\"https:\/\/zeng.com.uy\/new\/wp-content\/uploads\/2017\/02\/logo_dilave1.jpg\" alt=\"\" title=\"\"><\/div><\/div><div class=\"btClear btSeparator topExtraSmallSpaced noBorder\" ><hr><\/div><div class=\"btIconImageRow btIconsNormalPosition\" ><span class=\"btIco btIcoDefaultType btIcoSmallSize btIcoDefaultColor   \" ><a href=\"tel:+080023367820\"  target = \"no_target\" data-ico-fa=\"&#xf095;\" class=\"btIcoHolder\"><em><\/em><span class=\"btIcoText\">+(598) 2486 4663<\/span><\/a><\/span><\/div><div class=\"btClear btSeparator topExtraSmallSpaced noBorder\" ><hr><\/div><div class=\"btIconImageRow btIconsNormalPosition\" ><span class=\"btIco btIcoDefaultType btIcoSmallSize btIcoDefaultColor   \" ><a href=\"https:\/\/zeng.com.uy\/new\/index.php\/contacto\/\"  target = \"no_target\" data-ico-fa=\"&#xf003;\" class=\"btIcoHolder\"><em><\/em><span class=\"btIcoText\">zeng@zeng.bayco.com.uy<\/span><\/a><\/span><\/div><div class=\"btClear btSeparator topExtraSmallSpaced noBorder\" ><hr><\/div><div class=\"btClear btSeparator topSemiSpaced noBorder\" ><hr><\/div><\/div><\/div><div class=\"rowItem col-md-8 col-ms-12 btTextLeft animate animate-fadein inherit btDoublePadding\"  ><div class=\"rowItemContent\" ><div class=\"btClear btSeparator bottomSmallSpaced border\" ><hr><\/div><header class=\"header btClear large  btNormalDash\" ><div class=\"btSuperTitle\">Certificados del Laboratorio<\/div><\/header><div class=\"btClear btSeparator bottomSmallSpaced border\" ><hr><\/div><div class=\"boldRow boldInnerRow  \" ><div class=\"rowItem rowInnerItem col-md-12  btTextLeft\"  ><div class=\"rowItemContent\"><div class=\"btText\" ><\/p>\n<h4><strong>Habilitaciones del MGAP<\/strong><\/h4>\n<ul>\n<li><a href=\"https:\/\/zeng.com.uy\/new\/wp-content\/uploads\/2026\/01\/DILAVE-CONST.-MANT.-LAB.-ZENG-2026r.pdf\" target=\"_blank\" rel=\"noopener noreferrer\">Dilave<\/a><\/li>\n<li><a href=\"https:\/\/zeng.com.uy\/new\/wp-content\/uploads\/2026\/01\/DILAVE-ANEXO-LAB.-ZENG-2026.pdf\" target=\"_blank\" rel=\"noopener\">Anexo Dilave<\/a><\/li>\n<\/ul>\n<h4>\u00a0<\/h4>\n<h4><strong>Certificados de Participaci\u00f3n en Intercomparaciones<\/strong><\/h4>\n<ul>\n<li><a href=\"\/new\/wp-content\/uploads\/2023\/12\/CERTIFICADO-INTERLABORATORIO-AGUA-2023.pdf\" target=\"_blank\" rel=\"noopener\">ERA \u2013 2023 (Water)<\/a><\/li>\n<li><a href=\"\/new\/documentos\/LGC2023.pdf\">LGC AXIO PROFICIENCY TESTING 2023 (Meat &amp; Fish)<\/a><\/li>\n<li><a href=\"\/new\/documentos\/LGC2022.pdf\">LGC AXIO PROFICIENCY TESTING 2022 (Water)<\/a><\/li>\n<li><a href=\"\/new\/documentos\/2022LATUEnsayodeAptitud.pdf\"><span class=\"im\">LATU \u2013 Ensayo de Aptitud 2022 (Detecci\u00f3n E. Coli O157:H7\/STEC (genes stx\/eae))<\/span><\/a><\/li>\n<li><a href=\"\/new\/wp-content\/uploads\/2020\/02\/CertificadoERA-2019-Agua-.pdf\">ERA \u2013 2019 (Water)<\/a><\/li>\n<li><a href=\"\/new\/wp-content\/uploads\/2019\/05\/LGC.pdf\">LGC Standards &#8211; 2019\u00a0(Meat and Fish)<\/a><\/li>\n<li><a href=\"\/new\/wp-content\/uploads\/2017\/10\/LGC-Standards-2018-Water.pdf\">LGC Standards &#8211; 2018 (Water)<\/a><\/li>\n<li><a href=\"\/new\/wp-content\/uploads\/2017\/10\/LGC-Standards-2017-Food-M..pdf\">LGC Standards &#8211; 2017 (Food M.)<\/a><\/li>\n<li><a href=\"\/new\/wp-content\/uploads\/2017\/10\/LGC-Standards-2015-Meat-and-Fish.pdf\">LGC Standards &#8211; 2015 (Meat and Fish)<\/a><\/li>\n<li><a href=\"\/new\/wp-content\/uploads\/2017\/10\/LGC-Standards-2015-Food-M.pdf\">LGC Standards &#8211; 2015 (Food M)<\/a><\/li>\n<li><a href=\"\/new\/documentos\/INTER_AGUA_2014.PDF\" target=\"_blank\" rel=\"noopener noreferrer\">Inter. Agua 2014<\/a><\/li>\n<li><a href=\"\/new\/wp-content\/uploads\/2017\/10\/LGC-Standards-2013-Meat-and-F..pdf\">LGC Standards &#8211; 2013 (Meat and F.)<\/a><\/li>\n<li><a href=\"\/new\/wp-content\/uploads\/2017\/10\/LGC-Standards-2012-Meat-and-Fish.pdf\">LGC Standards &#8211; 2012 (Meat and Fish)<\/a><\/li>\n<li><a href=\"\/new\/wp-content\/uploads\/2017\/10\/LGC-Standards-2012-Food-M..pdf\">LGC Standards &#8211; 2012 (Food M.)<\/a><\/li>\n<li><a href=\"\/new\/documentos\/Certificado_Zeng_2011.pdf\" target=\"_blank\" rel=\"noopener noreferrer\">2011 LGC<\/a><\/li>\n<li><a href=\"\/new\/documentos\/Certificado_Zeng_2010.pdf\" target=\"_blank\" rel=\"noopener noreferrer\">2010 LGC, QM and Aquachek<\/a><\/li>\n<li><a href=\"\/new\/documentos\/Certificado de Interlaboratorio.pdf\" target=\"_blank\" rel=\"noopener noreferrer\">2009 RTC\u00a0 Cuantificaci\u00f3n de E.coli, ColiformesTermotolerantes y Coliformes<\/a><\/li>\n<\/ul>\n<p><strong>Totales en\u00a0 muestra de agua.<\/strong><\/p>\n<ul>\n<li><a href=\"\/new\/documentos\/LGC_Certif_Salmonella.pdf\" target=\"_blank\" rel=\"noopener noreferrer\">2009 LGC, QM and Aquacheck: Salmonella spp ,E.coli O157:H7<\/a><\/li>\n<li><a href=\"\/new\/documentos\/Certificado de Participacion 2008.pdf\" target=\"_blank\" rel=\"noopener noreferrer\">2008 LGC, QM and Aquacheck<\/a><\/li>\n<li><a href=\"\/new\/documentos\/Certificado de Participacion 2007.pdf\" target=\"_blank\" rel=\"noopener noreferrer\">2007 LGC, QM and Aquacheck<\/a><\/li>\n<\/ul>\n<h4><strong>Documentos de Referencia<\/strong><\/h4>\n<ul>\n<li><a href=\"\/new\/documentos\/Decreto 253-79 DINAMA.pdf\" target=\"_blank\" rel=\"noopener noreferrer\">Especificaciones del C\u00f3digo de Agua -Decreto 253-79 DINAMA<\/a><\/li>\n<li><a href=\"\/new\/documentos\/Directiva 98- 83- CE 3 de Noiviembre de 1998.pdf\" target=\"_blank\" rel=\"noopener noreferrer\">Calidad de las aguas destinadas al consumo humano -Directiva 98\/83\/CE<\/a><\/li>\n<li><a href=\"\/new\/documentos\/REGLAMENTO (CE) N 2073-2005.pdf\" target=\"_blank\" rel=\"noopener noreferrer\">Criterios microbiol\u00f3gicos aplicables a los productos alimenticios &#8211; Reglamento (CE) N\u00ba 2073\/2005<\/a><\/li>\n<\/ul>\n<p><strong>Criterios para acreditaci\u00f3n de laboratorios<\/strong><\/p>\n<ul>\n<li><a href=\"\/new\/documentos\/REGLAMENTO (CE) N 2073-2005.pdf\" target=\"_blank\" rel=\"noopener noreferrer\">Gu\u00eda para la acreditaci\u00f3n de laboratorios que realizan an\u00e1lisis microbiol\u00f3gicos &#8211; ENAC-04 Rev.3<\/a><\/li>\n<li><a href=\"\/new\/documentos\/Criterios_generales_acreditacion_ laboratoriosCGA_ENAC_LEC_Rev3.pdf\" target=\"_blank\" rel=\"noopener noreferrer\">Criterios generales para la acreditaci\u00f3n de laboratorios de ensayo y calibraci\u00f3n &#8211; CGA-ENAC-LEC Rev. 3<\/a><\/li>\n<li><a href=\"\/new\/documentos\/Guia_Acredit.pdf\" target=\"_blank\" rel=\"noopener noreferrer\">Directrices para la Acreditaci\u00f3n, rlau &#8211; OUA &#8211; DINAMA, marzo 2009.<\/a><\/li>\n<li><a href=\"\/new\/documentos\/COLMIC-2009.JPG\" target=\"_blank\" rel=\"noopener noreferrer\">Trabajo presentado en X Congreso Latinoamericano de Microbiolog\u00eda e Higiene de Alimentos, COLMIC 2009.<\/a><\/li>\n<\/ul>\n<p>\n<\/div><\/div><\/div><\/div><div class=\"btClear btSeparator topSmallSpaced bottomSmallSpaced border\" ><hr><\/div><\/div><\/div><\/div><\/div><\/div><\/div><\/div><\/section><section id=\"bt_section69e2066aa93e5\"  class=\"boldSection btDivider topSemiSpaced bottomSemiSpaced btDarkSkin gutter inherit\" style=\"background-color:#43abf7;\"><div class=\"port\"><div class=\"boldCell\"><div class=\"boldCellInner\"><div class=\"boldRow  \" ><div class=\"boldRowInner\"><div class=\"rowItem col-md-12 col-ms-12  btTextCenter animate animate-fadein animate-moveup inherit\"  ><div class=\"rowItemContent\" ><header class=\"header btClear medium btDash topDash  btNormalDash\" ><div class=\"btSuperTitle\">ZENG Laboratorio Microbiol\u00f3gico<\/div><div class=\"dash\"><h3><span class=\"headline\">GRACIAS POR CONFIAR EN NOSOTROS<\/span><\/h3><\/div><\/header><div class=\"btClear btSeparator topSemiSpaced noBorder\" ><hr><\/div><\/div><\/div><\/div><\/div><\/div><\/div><\/div><\/section><\/p>\n","protected":false},"excerpt":{"rendered":"","protected":false},"author":1,"featured_media":0,"parent":0,"menu_order":0,"comment_status":"closed","ping_status":"closed","template":"","meta":{"footnotes":""},"class_list":["post-1340","page","type-page","status-publish","hentry"],"_links":{"self":[{"href":"https:\/\/zeng.com.uy\/new\/index.php\/wp-json\/wp\/v2\/pages\/1340","targetHints":{"allow":["GET"]}}],"collection":[{"href":"https:\/\/zeng.com.uy\/new\/index.php\/wp-json\/wp\/v2\/pages"}],"about":[{"href":"https:\/\/zeng.com.uy\/new\/index.php\/wp-json\/wp\/v2\/types\/page"}],"author":[{"embeddable":true,"href":"https:\/\/zeng.com.uy\/new\/index.php\/wp-json\/wp\/v2\/users\/1"}],"replies":[{"embeddable":true,"href":"https:\/\/zeng.com.uy\/new\/index.php\/wp-json\/wp\/v2\/comments?post=1340"}],"version-history":[{"count":3,"href":"https:\/\/zeng.com.uy\/new\/index.php\/wp-json\/wp\/v2\/pages\/1340\/revisions"}],"predecessor-version":[{"id":9741,"href":"https:\/\/zeng.com.uy\/new\/index.php\/wp-json\/wp\/v2\/pages\/1340\/revisions\/9741"}],"wp:attachment":[{"href":"https:\/\/zeng.com.uy\/new\/index.php\/wp-json\/wp\/v2\/media?parent=1340"}],"curies":[{"name":"wp","href":"https:\/\/api.w.org\/{rel}","templated":true}]}}